{"id":2219,"date":"2021-05-26T14:30:09","date_gmt":"2021-05-26T17:30:09","guid":{"rendered":"https:\/\/sulgrillchurrasqueiras.com.br\/revenda\/?post_type=product&#038;p=2219"},"modified":"2024-04-30T14:22:04","modified_gmt":"2024-04-30T17:22:04","slug":"churrasqueira-de-aco-inox-40x28","status":"publish","type":"product","link":"https:\/\/sulgrillchurrasqueiras.com.br\/revenda\/produto\/churrasqueira-de-aco-inox-40x28\/","title":{"rendered":"Churrasqueira de a\u00e7o inox 40&#215;28"},"content":{"rendered":"<p>MATERIAL<\/p>\n<p>Fabricada em chapas de a\u00e7o galvanizado garantindo maior resist\u00eancia.<br \/>\nA grelha em a\u00e7o inoxid\u00e1vel 430 a tela moeda tem 1,5 mm de espessura para garantir sua maior durabilidade.<br \/>\nOs cabos e al\u00e7as s\u00e3o de madeira para manusear tanto a churrasqueira quanto a grelha sem se queimar.<br \/>\nPara maior durabilidade da churrasqueira recomendamos manter ela sempre limpa.<br \/>\nMuito simples e f\u00e1cil sua utiliza\u00e7\u00e3o e limpeza.<\/p>\n<p>MEDIDAS<\/p>\n<p>40 cm comprimento<br \/>\n28 cm de profundidade<br \/>\n60 cm de altura total<\/p>\n<p>ITENS INCLUSOS<\/p>\n<p>01 Churrasqueira 40&#215;28 cm a\u00e7o inoxid\u00e1vel<br \/>\n01 Grelha de a\u00e7o inoxid\u00e1vel 37&#215;28 cm<\/p>\n","protected":false},"excerpt":{"rendered":"<h4><span style=\"color: #ff0000;\">Valores s\u00e3o exclusivos para Revenda(com CNPJ) com pedido m\u00ednimo de R$2000,00<\/span><\/h4>\n<p><\/p>\n","protected":false},"featured_media":2220,"comment_status":"closed","ping_status":"closed","template":"","meta":[],"_links":{"self":[{"href":"https:\/\/sulgrillchurrasqueiras.com.br\/revenda\/wp-json\/wp\/v2\/product\/2219"}],"collection":[{"href":"https:\/\/sulgrillchurrasqueiras.com.br\/revenda\/wp-json\/wp\/v2\/product"}],"about":[{"href":"https:\/\/sulgrillchurrasqueiras.com.br\/revenda\/wp-json\/wp\/v2\/types\/product"}],"replies":[{"embeddable":true,"href":"https:\/\/sulgrillchurrasqueiras.com.br\/revenda\/wp-json\/wp\/v2\/comments?post=2219"}],"wp:featuredmedia":[{"embeddable":true,"href":"https:\/\/sulgrillchurrasqueiras.com.br\/revenda\/wp-json\/wp\/v2\/media\/2220"}],"wp:attachment":[{"href":"https:\/\/sulgrillchurrasqueiras.com.br\/revenda\/wp-json\/wp\/v2\/media?parent=2219"}],"curies":[{"name":"wp","href":"https:\/\/api.w.org\/{rel}","templated":true}]}}