{"id":2237,"date":"2021-05-26T14:51:43","date_gmt":"2021-05-26T17:51:43","guid":{"rendered":"https:\/\/sulgrillchurrasqueiras.com.br\/revenda\/?post_type=product&#038;p=2237"},"modified":"2024-04-30T14:26:05","modified_gmt":"2024-04-30T17:26:05","slug":"churrasqueira-40x28-galvanizada","status":"publish","type":"product","link":"https:\/\/sulgrillchurrasqueiras.com.br\/revenda\/produto\/churrasqueira-40x28-galvanizada\/","title":{"rendered":"Churrasqueira 40&#215;28 Galvanizada"},"content":{"rendered":"<p><strong>MATERIAL<\/strong><\/p>\n<p>Fabricada em chapas de a\u00e7o galvanizado garantindo maior resist\u00eancia.<\/p>\n<p>A grelha em a\u00e7o inoxid\u00e1vel 430 a tela moeda tem 1,5 mm de espessura para garantir sua maior durabilidade.<\/p>\n<p>Os cabos e al\u00e7as s\u00e3o de madeira para manusear tanto a churrasqueira quanto a grelha sem se queimar.<\/p>\n<p>Para maior durabilidade da churrasqueira recomendamos manter ela sempre limpa.<\/p>\n<p>Muito simples e f\u00e1cil sua utiliza\u00e7\u00e3o e limpeza.<\/p>\n<p><strong>MEDIDAS<\/strong><\/p>\n<p>40 cm comprimento<\/p>\n<p>28 cm de profundidade<\/p>\n<p>60 cm de altura total<\/p>\n<p><strong>ITENS INCLUSOS<\/strong><\/p>\n<p>01 Churrasqueira 40&#215;28 cm de a\u00e7o Galvanizada<\/p>\n<p>01 Grelha de a\u00e7o inoxid\u00e1vel 37&#215;28 cm<\/p>\n<p><strong>GARANTIA<\/strong><\/p>\n<p>90 Dias contra defeito de fabrica\u00e7\u00e3o<\/p>\n","protected":false},"excerpt":{"rendered":"<h4><span style=\"color: #ff0000;\">Valores s\u00e3o exclusivos para Revenda(com CNPJ) com pedido m\u00ednimo de R$2000,00<\/span><\/h4>\n<p><\/p>\n","protected":false},"featured_media":2238,"comment_status":"closed","ping_status":"closed","template":"","meta":[],"_links":{"self":[{"href":"https:\/\/sulgrillchurrasqueiras.com.br\/revenda\/wp-json\/wp\/v2\/product\/2237"}],"collection":[{"href":"https:\/\/sulgrillchurrasqueiras.com.br\/revenda\/wp-json\/wp\/v2\/product"}],"about":[{"href":"https:\/\/sulgrillchurrasqueiras.com.br\/revenda\/wp-json\/wp\/v2\/types\/product"}],"replies":[{"embeddable":true,"href":"https:\/\/sulgrillchurrasqueiras.com.br\/revenda\/wp-json\/wp\/v2\/comments?post=2237"}],"wp:featuredmedia":[{"embeddable":true,"href":"https:\/\/sulgrillchurrasqueiras.com.br\/revenda\/wp-json\/wp\/v2\/media\/2238"}],"wp:attachment":[{"href":"https:\/\/sulgrillchurrasqueiras.com.br\/revenda\/wp-json\/wp\/v2\/media?parent=2237"}],"curies":[{"name":"wp","href":"https:\/\/api.w.org\/{rel}","templated":true}]}}