{"id":2264,"date":"2021-05-26T15:52:27","date_gmt":"2021-05-26T18:52:27","guid":{"rendered":"https:\/\/sulgrillchurrasqueiras.com.br\/revenda\/?post_type=product&#038;p=2264"},"modified":"2024-04-30T14:27:31","modified_gmt":"2024-04-30T17:27:31","slug":"churrasqueira-ecologica-sem-fumaca-80x40","status":"publish","type":"product","link":"https:\/\/sulgrillchurrasqueiras.com.br\/revenda\/produto\/churrasqueira-ecologica-sem-fumaca-80x40\/","title":{"rendered":"Churrasqueira Ecol\u00f3gica Sem Fuma\u00e7a 80\u00d740"},"content":{"rendered":"<p><strong>Material<\/strong><\/p>\n<p>Fabricada em chapas de a\u00e7o inox 430 com 0,6 mm de espessura garantindo maior durabilidade e resist\u00eancia;<br \/>\nAs grelhas em a\u00e7o inox 430 a tela moeda tem 1,5 mm de espessura para garantir sua maior durabilidade;<br \/>\nOs cabos e al\u00e7as s\u00e3o de madeira revestido com alum\u00ednio, para manusear tanto a churrasqueira quanto as grelhas sem se queimar, sendo parafusado as al\u00e7as ficando opcional o uso.<\/p>\n<p><strong>Dimens\u00f5es<\/strong><\/p>\n<p>80 cm comprimento<br \/>\n40 cm de profundidade<br \/>\n90 cm de altura total do ch\u00e3o at\u00e9 a grelha superior usando p\u00e9s<br \/>\n35 cm de altura com as pernas dobradas<br \/>\nOBS: As dimens\u00f5es podem variar 2 cm para mais ou para menos.<br \/>\n<strong><br \/>\nAcompanha na caixa:<\/strong><\/p>\n<p>01 Churrasqueira P 80x40x90<br \/>\n02 Grelhas de inox 49&#215;40 cm<br \/>\n02 Compartimento de carv\u00e3o (33x24x10 cm)<br \/>\n01 Bandeja para armazenar a gordura<br \/>\n02 Pastilhas de \u00e1lcool s\u00f3lido para acender o carv\u00e3o<br \/>\n01 Manual de instru\u00e7\u00f5es<\/p>\n<p>Peso: 15 kg<\/p>\n<p>Garantia<br \/>\n90 Dias contra defeitos de fabrica\u00e7\u00e3o.<\/p>\n","protected":false},"excerpt":{"rendered":"<h4><span style=\"color: #ff0000;\">Valores s\u00e3o exclusivos para Revenda(com CNPJ) com pedido m\u00ednimo de R$2000,00<\/span><\/h4>\n<p><\/p>\n","protected":false},"featured_media":2266,"comment_status":"closed","ping_status":"closed","template":"","meta":[],"_links":{"self":[{"href":"https:\/\/sulgrillchurrasqueiras.com.br\/revenda\/wp-json\/wp\/v2\/product\/2264"}],"collection":[{"href":"https:\/\/sulgrillchurrasqueiras.com.br\/revenda\/wp-json\/wp\/v2\/product"}],"about":[{"href":"https:\/\/sulgrillchurrasqueiras.com.br\/revenda\/wp-json\/wp\/v2\/types\/product"}],"replies":[{"embeddable":true,"href":"https:\/\/sulgrillchurrasqueiras.com.br\/revenda\/wp-json\/wp\/v2\/comments?post=2264"}],"wp:featuredmedia":[{"embeddable":true,"href":"https:\/\/sulgrillchurrasqueiras.com.br\/revenda\/wp-json\/wp\/v2\/media\/2266"}],"wp:attachment":[{"href":"https:\/\/sulgrillchurrasqueiras.com.br\/revenda\/wp-json\/wp\/v2\/media?parent=2264"}],"curies":[{"name":"wp","href":"https:\/\/api.w.org\/{rel}","templated":true}]}}