{"id":243,"date":"2018-06-20T07:16:56","date_gmt":"2018-06-20T10:16:56","guid":{"rendered":"https:\/\/sulgrillchurrasqueiras.com.br\/revenda\/produto\/personalised-mug\/"},"modified":"2024-04-30T14:30:55","modified_gmt":"2024-04-30T17:30:55","slug":"sulgrill-churrasqueira-ecologica-sem-fumaca-com-refratario-50x40","status":"publish","type":"product","link":"https:\/\/sulgrillchurrasqueiras.com.br\/revenda\/produto\/sulgrill-churrasqueira-ecologica-sem-fumaca-com-refratario-50x40\/","title":{"rendered":"Churrasqueira Ecol\u00f3gica Sem Fuma\u00e7a 55&#215;40"},"content":{"rendered":"<p>Seja Bem-Vindo a SULGRILL Churrasqueiras<\/p>\n<p>Churrasqueira especial para apartamento com sacada e varanda ou lugares que n\u00e3o pode fazer fuma\u00e7a. Devido os braseiros ficarem nas laterais a gordura n\u00e3o vai cair sobre a brasa. Assim n\u00e3o vai fazer fuma\u00e7a, apenas o cheiro de churrasco, utilize carv\u00e3o 100% vegetal e siga as instru\u00e7\u00f5es do manual.<\/p>\n<p>A churrasqueira pode ser utilizada tanto em cima de um m\u00f3vel quanto no ch\u00e3o. Os p\u00e9s s\u00e3o articul\u00e1veis para proporcionar facilidade no transporte armazenamento e na utiliza\u00e7\u00e3o.<\/p>\n<p>\u00d3tima oportunidade para reunir a fam\u00edlia, amigos e preparar um delicioso churrasco, no almo\u00e7o jantar ou aquela comemora\u00e7\u00e3o especial que voc\u00ea e sua fam\u00edlia merece.<\/p>\n<p>Com pedras refratarias no compartimento de carv\u00e3o prolongando muito mais a durabilidade.<\/p>\n<p>Material<\/p>\n<p>Fabricada em chapas de a\u00e7o inox 430 com 0,6 mm de espessura garantindo maior durabilidade e resist\u00eancia;<br \/>\nAs grelhas em a\u00e7o inox 430 a tela moeda tem 1,5 mm de espessura para garantir sua maior durabilidade;<br \/>\nOs cabos e al\u00e7as s\u00e3o de madeira revestido com alum\u00ednio, para manusear tanto a churrasqueira quanto as grelhas sem se queimar, sendo parafusado as al\u00e7as ficando opcional o uso.<\/p>\n<p>Dimens\u00f5es<\/p>\n<p>55 cm comprimento<br \/>\n40 cm de profundidade<br \/>\n80 cm de altura total do ch\u00e3o at\u00e9 a grelha superior usando p\u00e9s<br \/>\n35 cm de altura com as pernas dobradas<br \/>\nOBS: As dimens\u00f5es podem variar 2 cm para mais ou para menos.<\/p>\n<p>Acompanha na caixa:<\/p>\n<p>01 Churrasqueira 55x40x80 cm<br \/>\n02 Grelhas de inox 25\u00d740 cm<br \/>\n02 Compartimento de carv\u00e3o (33x24x10 cm) com pedras refratarias<br \/>\n01 Bandeja para armazenar a gordura<br \/>\n01 Manual de instru\u00e7\u00f5es<\/p>\n<p>Peso:\u00a0 11 kg<\/p>\n<p>Garantia<br \/>\n90 Dias contra defeitos de fabrica\u00e7\u00e3o.<\/p>\n<p>RECOMENDADO A UTILIZA\u00c7\u00c3O DO CARV\u00c3O 100% EUCALIPTO!!<\/p>\n","protected":false},"excerpt":{"rendered":"<h4><span style=\"color: #ff0000;\">Valores s\u00e3o exclusivos para Revenda(com CNPJ) com pedido m\u00ednimo de R$2000,00<\/span><\/h4>\n<p><\/p>\n","protected":false},"featured_media":2188,"comment_status":"open","ping_status":"closed","template":"","meta":[],"_links":{"self":[{"href":"https:\/\/sulgrillchurrasqueiras.com.br\/revenda\/wp-json\/wp\/v2\/product\/243"}],"collection":[{"href":"https:\/\/sulgrillchurrasqueiras.com.br\/revenda\/wp-json\/wp\/v2\/product"}],"about":[{"href":"https:\/\/sulgrillchurrasqueiras.com.br\/revenda\/wp-json\/wp\/v2\/types\/product"}],"replies":[{"embeddable":true,"href":"https:\/\/sulgrillchurrasqueiras.com.br\/revenda\/wp-json\/wp\/v2\/comments?post=243"}],"wp:featuredmedia":[{"embeddable":true,"href":"https:\/\/sulgrillchurrasqueiras.com.br\/revenda\/wp-json\/wp\/v2\/media\/2188"}],"wp:attachment":[{"href":"https:\/\/sulgrillchurrasqueiras.com.br\/revenda\/wp-json\/wp\/v2\/media?parent=243"}],"curies":[{"name":"wp","href":"https:\/\/api.w.org\/{rel}","templated":true}]}}