{"id":2489,"date":"2024-04-30T14:34:19","date_gmt":"2024-04-30T17:34:19","guid":{"rendered":"https:\/\/sulgrillchurrasqueiras.com.br\/revenda\/?post_type=product&#038;p=2489"},"modified":"2024-04-30T14:48:49","modified_gmt":"2024-04-30T17:48:49","slug":"churrasqueira-65x28-galvanizada","status":"publish","type":"product","link":"https:\/\/sulgrillchurrasqueiras.com.br\/revenda\/produto\/churrasqueira-65x28-galvanizada\/","title":{"rendered":"Churrasqueira 65&#215;28 Galvanizada"},"content":{"rendered":"<p><strong>MATERIAL<\/strong><\/p>\n<p>Fabricada em chapas de a\u00e7o galvanizado garantindo maior resist\u00eancia.<\/p>\n<p>A grelha em a\u00e7o inoxid\u00e1vel 430 a tela moeda tem 1,5 mm de espessura para garantir sua maior durabilidade.<\/p>\n<p>Os cabos e al\u00e7as s\u00e3o de madeira para manusear tanto a churrasqueira quanto a grelha sem se queimar.<\/p>\n<p>Para maior durabilidade da churrasqueira recomendamos manter ela sempre limpa.<\/p>\n<p>Muito simples e f\u00e1cil sua utiliza\u00e7\u00e3o e limpeza.<\/p>\n<p><strong>MEDIDAS<\/strong><\/p>\n<p>65 cm comprimento<br \/>\n28 cm de profundidade<br \/>\n35 cm de altura sem os p\u00e9s<br \/>\n90 cm de altura total com os p\u00e9s<\/p>\n<p><strong>ITENS INCLUSOS<\/strong><\/p>\n<p>01 Churrasqueira 65&#215;40 cm de a\u00e7o Galvanizada<br \/>\n01 Grelha de a\u00e7o inoxid\u00e1vel 63&#215;40 cm<\/p>\n<p><strong>GARANTIA<br \/>\n<\/strong>90 Dias contra defeito de fabrica\u00e7\u00e3o<\/p>\n","protected":false},"excerpt":{"rendered":"<h4><span style=\"color: #ff0000;\">Valores s\u00e3o exclusivos para Revenda(com CNPJ) com pedido m\u00ednimo de R$2000,00<\/span><\/h4>\n<p><\/p>\n","protected":false},"featured_media":2490,"comment_status":"closed","ping_status":"closed","template":"","meta":[],"_links":{"self":[{"href":"https:\/\/sulgrillchurrasqueiras.com.br\/revenda\/wp-json\/wp\/v2\/product\/2489"}],"collection":[{"href":"https:\/\/sulgrillchurrasqueiras.com.br\/revenda\/wp-json\/wp\/v2\/product"}],"about":[{"href":"https:\/\/sulgrillchurrasqueiras.com.br\/revenda\/wp-json\/wp\/v2\/types\/product"}],"replies":[{"embeddable":true,"href":"https:\/\/sulgrillchurrasqueiras.com.br\/revenda\/wp-json\/wp\/v2\/comments?post=2489"}],"wp:featuredmedia":[{"embeddable":true,"href":"https:\/\/sulgrillchurrasqueiras.com.br\/revenda\/wp-json\/wp\/v2\/media\/2490"}],"wp:attachment":[{"href":"https:\/\/sulgrillchurrasqueiras.com.br\/revenda\/wp-json\/wp\/v2\/media?parent=2489"}],"curies":[{"name":"wp","href":"https:\/\/api.w.org\/{rel}","templated":true}]}}